{"id":7684,"date":"2019-12-09T09:44:42","date_gmt":"2019-12-09T09:44:42","guid":{"rendered":"https:\/\/demo.goodlayers.com\/mediz\/hospital\/?page_id=7684"},"modified":"2025-04-15T15:54:13","modified_gmt":"2025-04-15T13:54:13","slug":"accueil","status":"publish","type":"page","link":"https:\/\/cardio-cgct.com\/","title":{"rendered":"Accueil"},"content":{"rendered":"<p>Bienvenue \u00e0 la Clinique G\u00e9n\u00e9rale et Cardiovasculaire. Nous sommes d\u00e9di\u00e9s \u00e0 fournir des soins de sant\u00e9 de qualit\u00e9 et sp\u00e9cialis\u00e9s dans le domaine de la m\u00e9decine g\u00e9n\u00e9rale et cardiovasculaire. Notre \u00e9quipe de professionnels exp\u00e9riment\u00e9s s&rsquo;engage \u00e0 offrir un service de premier ordre et \u00e0 aider nos patients \u00e0 maintenir une bonne sant\u00e9 cardiovasculaire. Nous sommes ravis de vous accueillir et de r\u00e9pondre \u00e0 tous vos besoins m\u00e9dicaux.<\/p>\n\n\n\n<p><\/p>","protected":false},"excerpt":{"rendered":"<p>Bienvenue \u00e0 la Clinique G\u00e9n\u00e9rale et Cardiovasculaire. Nous sommes d\u00e9di\u00e9s \u00e0 fournir des soins de sant\u00e9 de qualit\u00e9 et sp\u00e9cialis\u00e9s dans le domaine de la m\u00e9decine g\u00e9n\u00e9rale et cardiovasculaire. Notre \u00e9quipe de professionnels exp\u00e9riment\u00e9s s&rsquo;engage \u00e0 offrir un service de premier ordre et \u00e0 aider nos patients \u00e0 maintenir une bonne sant\u00e9 cardiovasculaire. Nous sommes [&hellip;]<\/p>\n","protected":false},"author":1,"featured_media":9523,"parent":0,"menu_order":0,"comment_status":"closed","ping_status":"closed","template":"","meta":{"footnotes":""},"class_list":["post-7684","page","type-page","status-publish","has-post-thumbnail","hentry"],"_links":{"self":[{"href":"https:\/\/cardio-cgct.com\/ar\/wp-json\/wp\/v2\/pages\/7684","targetHints":{"allow":["GET"]}}],"collection":[{"href":"https:\/\/cardio-cgct.com\/ar\/wp-json\/wp\/v2\/pages"}],"about":[{"href":"https:\/\/cardio-cgct.com\/ar\/wp-json\/wp\/v2\/types\/page"}],"author":[{"embeddable":true,"href":"https:\/\/cardio-cgct.com\/ar\/wp-json\/wp\/v2\/users\/1"}],"replies":[{"embeddable":true,"href":"https:\/\/cardio-cgct.com\/ar\/wp-json\/wp\/v2\/comments?post=7684"}],"version-history":[{"count":5,"href":"https:\/\/cardio-cgct.com\/ar\/wp-json\/wp\/v2\/pages\/7684\/revisions"}],"predecessor-version":[{"id":10728,"href":"https:\/\/cardio-cgct.com\/ar\/wp-json\/wp\/v2\/pages\/7684\/revisions\/10728"}],"wp:featuredmedia":[{"embeddable":true,"href":"https:\/\/cardio-cgct.com\/ar\/wp-json\/wp\/v2\/media\/9523"}],"wp:attachment":[{"href":"https:\/\/cardio-cgct.com\/ar\/wp-json\/wp\/v2\/media?parent=7684"}],"curies":[{"name":"wp","href":"https:\/\/api.w.org\/{rel}","templated":true}]}}